{"id":437,"date":"2023-01-28T15:06:55","date_gmt":"2023-01-28T14:06:55","guid":{"rendered":"https:\/\/angeloagerolafotografo.com\/?page_id=437"},"modified":"2023-01-28T15:09:20","modified_gmt":"2023-01-28T14:09:20","slug":"chi-sono","status":"publish","type":"page","link":"https:\/\/angeloagerolafotografo.com\/?page_id=437","title":{"rendered":"Chi sono"},"content":{"rendered":"[vc_row][vc_column width=&#8221;1\/3&#8243;]<figure class=\"vcex-image vcex-module wpex-clr textcenter\"><div class=\"vcex-image-inner wpex-inline-block wpex-relative\"><img width=\"1575\" height=\"1575\" src=\"https:\/\/angeloagerolafotografo.com\/wp-content\/uploads\/2023\/01\/ok.jpg\" class=\"wpex-w-100 wpex-align-middle\" alt=\"\" decoding=\"async\" loading=\"lazy\" srcset=\"https:\/\/angeloagerolafotografo.com\/wp-content\/uploads\/2023\/01\/ok.jpg 1575w, https:\/\/angeloagerolafotografo.com\/wp-content\/uploads\/2023\/01\/ok-300x300.jpg 300w, https:\/\/angeloagerolafotografo.com\/wp-content\/uploads\/2023\/01\/ok-1024x1024.jpg 1024w, https:\/\/angeloagerolafotografo.com\/wp-content\/uploads\/2023\/01\/ok-150x150.jpg 150w, https:\/\/angeloagerolafotografo.com\/wp-content\/uploads\/2023\/01\/ok-768x768.jpg 768w, https:\/\/angeloagerolafotografo.com\/wp-content\/uploads\/2023\/01\/ok-1536x1536.jpg 1536w\" sizes=\"(max-width: 1575px) 100vw, 1575px\" \/><\/div><\/figure>[\/vc_column][vc_column width=&#8221;2\/3&#8243;][vc_column_text]\n<h2 style=\"text-align: center;\">Angelo Agerola Fotografo<\/h2>\n<div class=\"w-full border-b border-black\/10 dark:border-gray-900\/50 text-gray-800 dark:text-gray-100 group bg-gray-50 dark:bg-[#444654]\">\n<div class=\"text-base gap-4 md:gap-6 m-auto md:max-w-2xl lg:max-w-2xl xl:max-w-3xl p-4 md:py-6 flex lg:px-0\">\n<div class=\"relative flex w-[calc(100%-50px)] flex-col gap-1 md:gap-3 lg:w-[calc(100%-115px)]\">\n<div class=\"flex flex-grow flex-col gap-3\">\n<div class=\"min-h-[20px] flex flex-col items-start gap-4 whitespace-pre-wrap\">\n<div class=\"markdown prose w-full break-words dark:prose-invert light\">\n<p style=\"text-align: center;\">&#8220;Inizio la mia carriera nella fotografia all&#8217;et\u00e0 di 13 anni come apprendista in uno studio fotografico. Sin da subito mi appassiono alla fotografia e mi piaceva molto interagire con le diverse personalit\u00e0 che incontravo. Ad oggi, amo sperimentare con la fotografia in tutte le sue forme, dalla fotografia cerimoniale alla foto pubblicitaria e con una particolare esperienza nel settore cinematografico. A Napoli, la citt\u00e0 dell&#8217;amore, utilizzo le mie abilit\u00e0 per catturare i momenti pi\u00f9 preziosi delle coppie e rendere indimenticabili i ricordi. Ma ci\u00f2 che mi piace di pi\u00f9 \u00e8 mettermi sempre in discussione a livello professionale e cercare di realizzare progetti che soddisfino il cliente finale in modo eccellente.&#8221;<\/p>\n<\/div>\n<\/div>\n<\/div>\n<\/div>\n<\/div>\n<\/div>\n[\/vc_column_text]<div class=\"vcex-spacing wpex-w-100 wpex-clear\" style=\"height:50px\"><\/div><div class=\"textcenter theme-button-wrap wpex-clr\"><a href=\"\/contatti\/\" class=\"vcex-button theme-button align-center inline\"><span class=\"theme-button-inner\">contattami<\/span><\/a><\/div> [\/vc_column][\/vc_row]\n","protected":false},"excerpt":{"rendered":"<p>[vc_row][vc_column width=&#8221;1\/3&#8243;][\/vc_column][vc_column width=&#8221;2\/3&#8243;][vc_column_text] Angelo Agerola Fotografo &#8220;Inizio la mia carriera nella fotografia all&#8217;et\u00e0 di 13 anni come apprendista in uno studio fotografico. Sin da subito mi appassiono alla fotografia e mi piaceva molto interagire con le diverse personalit\u00e0 che incontravo.&hellip;<\/p>\n","protected":false},"author":2,"featured_media":0,"parent":0,"menu_order":0,"comment_status":"closed","ping_status":"closed","template":"","meta":{"inline_featured_image":false},"yoast_head":"<!-- This site is optimized with the Yoast SEO plugin v15.1.1 - https:\/\/yoast.com\/wordpress\/plugins\/seo\/ -->\n<title>Chi sono - Angelo Agerola Fotografo<\/title>\n<meta name=\"description\" content=\"A Napoli, la citt\u00e0 dell&#039;amore, utilizzo le mie abilit\u00e0 per catturare i momenti pi\u00f9 preziosi delle coppie e rendere indimenticabili i ricordi.\" \/>\n<meta name=\"robots\" content=\"index, follow, max-snippet:-1, max-image-preview:large, max-video-preview:-1\" \/>\n<link rel=\"canonical\" href=\"https:\/\/angeloagerolafotografo.com\/?page_id=437\" \/>\n<meta property=\"og:locale\" content=\"it_IT\" \/>\n<meta property=\"og:type\" content=\"article\" \/>\n<meta property=\"og:title\" content=\"Chi sono - Angelo Agerola Fotografo\" \/>\n<meta property=\"og:description\" content=\"A Napoli, la citt\u00e0 dell&#039;amore, utilizzo le mie abilit\u00e0 per catturare i momenti pi\u00f9 preziosi delle coppie e rendere indimenticabili i ricordi.\" \/>\n<meta property=\"og:url\" content=\"https:\/\/angeloagerolafotografo.com\/?page_id=437\" \/>\n<meta property=\"og:site_name\" content=\"Angelo Agerola Fotografo\" \/>\n<meta property=\"article:modified_time\" content=\"2023-01-28T14:09:20+00:00\" \/>\n<meta name=\"twitter:card\" content=\"summary_large_image\" \/>\n<script type=\"application\/ld+json\" class=\"yoast-schema-graph\">{\"@context\":\"https:\/\/schema.org\",\"@graph\":[{\"@type\":\"Organization\",\"@id\":\"https:\/\/angeloagerolafotografo.com\/#organization\",\"name\":\"Angelo Agerola Fotografo\",\"url\":\"https:\/\/angeloagerolafotografo.com\/\",\"sameAs\":[],\"logo\":{\"@type\":\"ImageObject\",\"@id\":\"https:\/\/angeloagerolafotografo.com\/#logo\",\"inLanguage\":\"it-IT\",\"url\":\"https:\/\/angeloagerolafotografo.com\/wp-content\/uploads\/2020\/10\/Angelo-Agerola-Fotografo-Napoli.png\",\"width\":600,\"height\":432,\"caption\":\"Angelo Agerola Fotografo\"},\"image\":{\"@id\":\"https:\/\/angeloagerolafotografo.com\/#logo\"}},{\"@type\":\"WebSite\",\"@id\":\"https:\/\/angeloagerolafotografo.com\/#website\",\"url\":\"https:\/\/angeloagerolafotografo.com\/\",\"name\":\"Angelo Agerola Fotografo\",\"description\":\"Un site utilisant WordPress\",\"publisher\":{\"@id\":\"https:\/\/angeloagerolafotografo.com\/#organization\"},\"potentialAction\":[{\"@type\":\"SearchAction\",\"target\":\"https:\/\/angeloagerolafotografo.com\/?s={search_term_string}\",\"query-input\":\"required name=search_term_string\"}],\"inLanguage\":\"it-IT\"},{\"@type\":\"WebPage\",\"@id\":\"https:\/\/angeloagerolafotografo.com\/?page_id=437#webpage\",\"url\":\"https:\/\/angeloagerolafotografo.com\/?page_id=437\",\"name\":\"Chi sono - Angelo Agerola Fotografo\",\"isPartOf\":{\"@id\":\"https:\/\/angeloagerolafotografo.com\/#website\"},\"datePublished\":\"2023-01-28T14:06:55+00:00\",\"dateModified\":\"2023-01-28T14:09:20+00:00\",\"description\":\"A Napoli, la citt\\u00e0 dell'amore, utilizzo le mie abilit\\u00e0 per catturare i momenti pi\\u00f9 preziosi delle coppie e rendere indimenticabili i ricordi.\",\"breadcrumb\":{\"@id\":\"https:\/\/angeloagerolafotografo.com\/?page_id=437#breadcrumb\"},\"inLanguage\":\"it-IT\",\"potentialAction\":[{\"@type\":\"ReadAction\",\"target\":[\"https:\/\/angeloagerolafotografo.com\/?page_id=437\"]}]},{\"@type\":\"BreadcrumbList\",\"@id\":\"https:\/\/angeloagerolafotografo.com\/?page_id=437#breadcrumb\",\"itemListElement\":[{\"@type\":\"ListItem\",\"position\":1,\"item\":{\"@type\":\"WebPage\",\"@id\":\"https:\/\/angeloagerolafotografo.com\/\",\"url\":\"https:\/\/angeloagerolafotografo.com\/\",\"name\":\"Home\"}},{\"@type\":\"ListItem\",\"position\":2,\"item\":{\"@type\":\"WebPage\",\"@id\":\"https:\/\/angeloagerolafotografo.com\/?page_id=437\",\"url\":\"https:\/\/angeloagerolafotografo.com\/?page_id=437\",\"name\":\"Chi sono\"}}]}]}<\/script>\n<!-- \/ Yoast SEO plugin. -->","_links":{"self":[{"href":"https:\/\/angeloagerolafotografo.com\/index.php?rest_route=\/wp\/v2\/pages\/437"}],"collection":[{"href":"https:\/\/angeloagerolafotografo.com\/index.php?rest_route=\/wp\/v2\/pages"}],"about":[{"href":"https:\/\/angeloagerolafotografo.com\/index.php?rest_route=\/wp\/v2\/types\/page"}],"author":[{"embeddable":true,"href":"https:\/\/angeloagerolafotografo.com\/index.php?rest_route=\/wp\/v2\/users\/2"}],"replies":[{"embeddable":true,"href":"https:\/\/angeloagerolafotografo.com\/index.php?rest_route=%2Fwp%2Fv2%2Fcomments&post=437"}],"version-history":[{"count":6,"href":"https:\/\/angeloagerolafotografo.com\/index.php?rest_route=\/wp\/v2\/pages\/437\/revisions"}],"predecessor-version":[{"id":474,"href":"https:\/\/angeloagerolafotografo.com\/index.php?rest_route=\/wp\/v2\/pages\/437\/revisions\/474"}],"wp:attachment":[{"href":"https:\/\/angeloagerolafotografo.com\/index.php?rest_route=%2Fwp%2Fv2%2Fmedia&parent=437"}],"curies":[{"name":"wp","href":"https:\/\/api.w.org\/{rel}","templated":true}]}}